{"id":287,"date":"2021-10-16T13:17:12","date_gmt":"2021-10-16T10:17:12","guid":{"rendered":"https:\/\/filimonova.de\/?page_id=287"},"modified":"2021-10-16T13:45:20","modified_gmt":"2021-10-16T10:45:20","slug":"home","status":"publish","type":"page","link":"https:\/\/filimonova.de\/ar\/","title":{"rendered":"Home"},"content":{"rendered":"<div class=\"container\">\r\n\r\n<p>Mein Name ist Julija Filimonova, und ich bin die Gr\u00fcnderin und Gesch\u00e4ftsf\u00fchrerin von FILIMONOVA \u2013 Fallorientierte interkulturelle Lebens- &amp; Integrationsberatung, des Sozialen Serviceb\u00fcros. <a href=\"https:\/\/filimonova.de\/uber-mich\/\">weiterlesen<\/a><\/p>\r\n\r\n<\/div><div class=\"box_t\"><div class=\"container\"><div class=\"h1\">Kundenstimmen<\/div><div class=\"box_t_in\"><div class=\"t_item\"><div class=\"thumb\"><img decoding=\"async\" src=\"https:\/\/filimonova.de\/wp-content\/uploads\/2021\/10\/Idir-Bistani-150x150.jpg\" alt=\"Idir Bestani\"><\/div><div class=\"name\">Idir Bestani<\/div><div class=\"stars\"><img decoding=\"async\" src=\"https:\/\/filimonova.de\/wp-content\/themes\/filimonova\/img\/star.png\" alt=\"star\"\/><img decoding=\"async\" src=\"https:\/\/filimonova.de\/wp-content\/themes\/filimonova\/img\/star.png\" alt=\"star\"\/><img decoding=\"async\" src=\"https:\/\/filimonova.de\/wp-content\/themes\/filimonova\/img\/star.png\" alt=\"star\"\/><img decoding=\"async\" src=\"https:\/\/filimonova.de\/wp-content\/themes\/filimonova\/img\/star.png\" alt=\"star\"\/><img decoding=\"async\" src=\"https:\/\/filimonova.de\/wp-content\/themes\/filimonova\/img\/star.png\" alt=\"star\"\/><\/div><div class=\"text\">\u0645\u0639 \u064a\u0648\u0644\u064a\u0627 \u0643\u0644 \u0634\u064a\u0621 \u0633\u0647\u0644.\r\n   \u0641\u064a \u0639\u0627\u0645 2017 \u062a\u0639\u0631\u0641\u062a \u0639\u0644\u064a\u0647\u0627 \u0641\u064a \u0645\u0643\u0627\u0644\u0645\u0629 \u0647\u0627\u062a\u0641\u064a\u0629\u060c \u0627\u0646\u0630\u0627\u0643 \u0643\u0646\u062a \u0641\u064a \u062d\u0627\u062c\u0629 \u0645\u0627\u0633\u0629 \u0627\u0644\u0649 \u0645\u0639\u0644\u0648\u0645\u0627\u062a \u0648\u0627\u0631\u0634\u0627\u062f\u0627\u062a \u0641\u064a \u0639\u062f\u0629 \u0645\u064a\u0627\u062f\u064a\u0646 \u0645\u0646\u0647\u0627 :\u0627\u0644\u0639\u0645\u0644\u060c \u0627\u0644\u062f\u0631\u0627\u0633\u0629\u060c \u0627\u0644\u062a\u0643\u0648\u064a\u0646 \u0627\u0644\u0645\u0647\u0646\u064a\u060c \u0627\u0644\u0645\u0633\u0627\u0639\u062f\u0627\u0629 \u0627\u0644\u0627\u062c\u062a\u0645\u0627\u0639\u064a\u0629 ..........\u0627\u0644\u062e.\r\n    \u062a\u0639\u0645\u0644 \u064a\u0648\u0644\u064a\u0627 \u0628\u062f\u0648\u0646 \u0645\u0644\u0644 \u0648\u062a\u062d\u0628 \u0645\u0627 \u062a\u0642\u0648\u0645 \u0628\u0647\u060c \u0639\u0645\u0644 \u0628\u0643\u0641\u0627\u0629 \u0648\u0627\u062a\u0642\u0627\u0646 \u0639\u0627\u0644\u064a\u0627\u0646 \u060c \u0644\u0627 \u064a\u0648\u062c\u062f \u0634\u064a\u0621 \u0635\u0639\u0628 \u0627\u0648 \u063a\u064a\u0631 \u0645\u0645\u0643\u0646 \u0627\u0644\u0645\u0646\u0627\u0644 \u0639\u0646\u062f\u0647\u0627 \u060c \u0627\u0646 \u0644\u0645 \u064a\u0643\u0646 \u0644\u062f\u064a\u0647\u0627 \u0627\u0644\u062d\u0644 \u0641\u064a \u0627\u0644\u062d\u064a\u0646 \u062a\u062c\u062f\u0647\u0627 \u0645\u0646\u0647\u0645\u0643\u0629 \u0628\u0627\u0644\u0627\u062a\u0635\u0627\u0644 \u0628\u0645\u0639\u0627\u0631\u0641\u0647\u0627 \u060c \u0645\u0624\u0633\u0633\u0627\u062a \u062d\u0643\u0648\u0645\u064a\u0629 \u0627\u0648  \u0642\u0631\u0627\u0621\u0629 \u0643\u062a\u0628\u0647\u0627 \u0644\u0644\u0648\u0635\u0648\u0644 \u0644\u0644\u062d\u0644 \u0628\u0634\u062a\u0649 \u0627\u0644\u0637\u0631\u0642.\r\n\u0627\u0646\u0647\u0627 \u0645\u0633\u062a\u0634\u0627\u0631\u0629 \u0627\u062f\u0627\u0631\u064a\u0629 \u0648\u0627\u062c\u062a\u0645\u0627\u0639\u064a\u0629 \u0644\u0644\u0639\u0627\u0621\u0644\u0627\u062a \u0648 \u0627\u0644\u0627\u0634\u062e\u0627\u0635 \u0627\u0644\u0630\u064a\u0646  \u0647\u0645 \u0628\u062d\u0627\u062c\u0629 \u0644\u0644\u062a\u0637\u0648\u0631 \u0648 \u0627\u0644\u062a\u0642\u062f\u0645 \u0648 \u0627\u0644\u0627\u0646\u062f\u0645\u0627\u062c \u0641\u064a \u0627\u0644\u0645\u062c\u062a\u0645\u0639.\r\n\u062a\u0639\u0645\u0644 \u0645\u0639 \u0627\u0646\u0627\u0633 \u0645\u0646 \u0645\u062e\u062a\u0644\u0641 \u0627\u0644\u0628\u0644\u062f\u0627\u0646 \u0648 \u0627\u0644\u062b\u0642\u0627\u0641\u0627\u062a \u060c \u0647\u0630\u0627 \u062c\u0639\u0644\u0647\u0627 \u062a\u0643\u062a\u0633\u0628 \u0639\u0644\u0649 \u0639\u062f\u062f \u0647\u0627\u0649\u0644 \u0645\u0646 \u0627\u0644\u0645\u0639\u0644\u0648\u0645\u0627\u062a \u0627\u0644\u0630\u064a \u064a\u0644\u0639\u0628 \u062f\u0648\u0631 \u0643\u0628\u064a\u0631 \u0641\u064a \u062d\u0644 \u0627\u0644\u0645\u0634\u0627\u0643\u0644 \u0627\u0644\u0645\u062e\u062a\u0644\u0641\u0629.\r\n<\/div><div class=\"show-more\"><a href=\"https:\/\/filimonova.de\/ar\/kundenstimmen\/#t-258\">weiterlesen<\/a><\/div><\/div><div class=\"t_item\"><div class=\"thumb\"><img decoding=\"async\" src=\"https:\/\/filimonova.de\/wp-content\/uploads\/2021\/10\/Lasar-Hars-Aliyas-150x150.jpg\" alt=\"Lazar Hars Aliyas\"><\/div><div class=\"name\">Lazar Hars Aliyas<\/div><div class=\"stars\"><img decoding=\"async\" src=\"https:\/\/filimonova.de\/wp-content\/themes\/filimonova\/img\/star.png\" alt=\"star\"\/><img decoding=\"async\" src=\"https:\/\/filimonova.de\/wp-content\/themes\/filimonova\/img\/star.png\" alt=\"star\"\/><img decoding=\"async\" src=\"https:\/\/filimonova.de\/wp-content\/themes\/filimonova\/img\/star.png\" alt=\"star\"\/><img decoding=\"async\" src=\"https:\/\/filimonova.de\/wp-content\/themes\/filimonova\/img\/star.png\" alt=\"star\"\/><img decoding=\"async\" src=\"https:\/\/filimonova.de\/wp-content\/themes\/filimonova\/img\/star.png\" alt=\"star\"\/><\/div><div class=\"text\">\u0627\u0633\u0645\u064a \u0644\u0627\u0632\u0627\u0631 \u062d\u0627\u0631\u0633 \u0627\u0644\u0644\u0647 \u0627\u0646\u0627 \u0639\u0631\u0627\u0642\u064a \u0627\u0644\u062c\u0646\u0633\u064a\u0647 \u062c\u0627\u062a\u0648 \u0627\u0644\u0649 \u0627\u0644\u0645\u0627\u0646\u064a\u0627 \u0641\u064a \u0639\u0627\u0645 2016 \u0644\u0648\u062d\u062f\u064a \u0627\u0648\u0644 \u062d\u064a\u0627\u062a\u064a \u0641\u064a \u0627\u0644\u0645\u0627\u0646\u064a\u0627 \u0643\u0646\u062a\u0648 \u0641\u064a \u062c\u0646\u0648\u0628 \u0627\u0644\u0645\u0627\u0646\u064a\u0627 \u0648\u0644\u064a \u0647\u064a\u0627 \u0628\u0627\u064a\u0631\u0646 \u0645\u0646\u0634\u0646 \u0645\u062f\u064a\u0646\u0647 \u0635\u063a\u064a\u0631\u0647 \u0627\u0633\u0645\u0647\u0627 Amberg \u0643\u0646\u062a\u0648 \u0627\u0633\u0643\u0646 \u0627\u0644\u0647\u0627\u064a\u0645 \u0644\u0645\u062f\u0647 \u0633\u0646\u0647 \u062a\u0642\u0631\u064a\u0628\u0646 \u0628\u062f\u0648\u0646 \u0627\u0642\u0627\u0645\u0647 \u0648\u0639\u0627\u0626\u0644\u062a\u064a \u0641\u064a \u0627\u0644\u0639\u0631\u0627\u0642 \u062a\u0646\u062a\u0638\u0631 \u0627\u0646 \u0627\u0633\u062a\u0644\u0645 \u0627\u0644\u0627\u0642\u0627\u0645\u0629 \u0627\u0644\u0627\u0644\u0645\u0627\u0646\u064a\u0647 \u0648\u0627\u0639\u0645\u0644 \u0644\u0647\u0645 \u0644\u0645 \u0627\u0644\u0634\u0645\u0644 \u0648\u0628\u0639\u062f \u0633\u0646\u062a\u0627\u0646 \u0627\u062e\u0631\u0649 \u062a\u0645\u062a \u0627\u0644\u0645\u0648\u0627\u0641\u0642\u0647 \u0639\u0644\u0649 \u0644\u0645 \u0627\u0644\u0634\u0645\u0644 \u0648\u0642\u0645\u062a\u0648 \u0628\u062a\u062d\u0648\u064a\u0644 \u0627\u0644\u0649 \u0645\u0646\u0637\u0642\u0647 \u062a\u0627\u0628\u0639\u0647 \u0644\u0647\u0627\u0646\u0648\u0641\u0631 \u0627\u064a \u0634\u0645\u0627\u0644 \u0627\u0644\u0645\u0627\u0646\u064a\u0627 \u0627\u0633\u0645\u0647\u0627 \u0627\u0644\u0645\u0646\u0637\u0642\u0647 Springe\u0648\u0643\u0646\u062a\u0648 \u0628\u062d\u0627\u062c\u0647 \u0644\u0627 \u0627\u064a \u0634\u062e\u0635 \u064a\u0633\u0627\u0639\u062f\u064a \u0648\u0642\u0645\u062a \u0633\u0627\u0644\u062a \u0641\u064a \u0627\u0644\u0633\u0648\u0646\u0633\u064a\u0627\u0644 \u0642\u0627\u0644\u0648 \u0641\u064a \u0627\u0644\u0633\u064a\u062f\u0629Julija Filimonova \u0627\u0644\u0627\u0646\u0633\u0627\u0646\u0647 \u0627\u0644\u0631\u0627\u0626\u0639\u0647 \u0627\u0644\u062a\u064a \u062a\u0633\u0627\u0639\u062f \u0627\u0644\u0646\u0627\u0633 \u062c\u0645\u064a\u0639\u0627 \u0628\u062f\u0648\u0646 \u0627\u064a \u062a\u0639\u0628 \u0627\u0648 \u0645\u0644\u0644 \u0644\u0627\u062a\u0639\u0631\u0641 \u0647\u064a \u0627\u0644\u0627\u0646\u0633\u0627\u0646\u0647 \u0627\u0644\u0631\u0627\u062d\u0647 \u0627\u064a\u0645\u062a\u0627 \u0645\u0627\u062a\u062a\u0635\u0644 \u0641\u064a\u0647\u0627 \u0648\u062a\u0642\u0644\u0647\u0627 \u0639\u0646\u062f\u064a \u0627\u0633\u062a\u0634\u0627\u0631\u0647 \u0644\u0645\u0648\u0636\u0648\u0639 \u0643\u0628\u0644 \u0628\u062a\u0642\u0644\u0643 \u0627\u062a\u0641\u0636\u0644 \u0627\u0646\u0627 \u062d\u0627\u0636\u0631\u0647 \u0627\u0633\u0627\u0644 \u0627\u0646\u0633\u0627\u0646\u0647 \u062c\u062f\u0627 \u062c\u062f\u0627 \u0631\u0627\u0626\u0639\u0647 \u0648\u0645\u062e\u0644\u0635\u0647 \u0641\u064a \u0634\u063a\u0644\u0647\u0627 \u0644\u0627\u062a\u0641\u0631\u0642 \u0628\u064a\u0646 \u0645\u0630\u0647\u0628 \u0627\u0648 \u062f\u064a\u0646 \u062c\u0645\u064a\u0639\u0627 \u062a\u0639\u0627\u0645\u0644\u0647\u0645 \u0646\u0641\u0633 \u0627\u0644\u0645\u0639\u0627\u0645\u0644\u0647 \u0627\u0644\u062c\u0645\u064a\u0644\u0647 \u0644\u0627 \u0627\u0642\u062f\u0631 \u0627\u0646 \u0627\u0648\u0635\u0641 \u0647\u064a \u0627\u0644\u0646\u0633\u0627\u0646\u0647 \u0627\u0644\u0631\u0627\u0626\u0639\u0647 \u0645\u0646 \u0643\u062b\u0631 \u0645\u0627 \u0633\u0627\u0639\u062f\u062a\u0646\u064a \u0648\u0633\u0627\u0639\u062f\u062a \u0639\u0627\u0626\u0644\u062a\u064a \u0648\u0633\u0627\u0639\u062f\u062a \u0627\u0628\u064a \u0648\u0627\u0645\u064a \u0648\u0633\u0627\u0639\u062f\u062a \u0639\u0627\u0626\u0644\u062a \u0627\u062e\u064a \u0648\u0644\u062d\u062f \u0627\u0644\u0627\u0646 \u0648\u0647\u064a \u062a\u0633\u0627\u0639\u062f \u062f\u0648\u0646 \u0627\u064a \u0645\u0642\u0627\u0628\u0644 \u0648\u062f\u0648\u0646 \u0645\u0644\u0644 \u062d\u0642\u0627 \u0647\u064a \u0627\u0644\u0627\u0646\u0633\u0627\u0646\u0647 \u062a\u0633\u062a\u062d\u0642 \u0643\u0644 \u0627\u0644\u062e\u064a\u0631 \u0648\u0627\u062a\u0645\u0646\u0649 \u0644\u0647\u0627 \u062d\u064a\u0627\u0629 \u0633\u0639\u064a\u062f\u0647 \u064a\u0627\u0631\u0628 \u0648\u0627\u062a\u0646\u0645\u0649 \u0644\u0647\u0627 \u0627\u0646 \u062a\u0631\u062c\u0639 \u0644\u0645\u062c\u0627\u0644 \u0634\u063a\u0644\u0647\u0627 \u0648\u0646\u0633\u062a\u0641\u0627\u062f \u0627\u062d\u0646\u0647 \u0627\u0644\u0627\u062c\u0626\u064a\u0646 \u0645\u0646 \u062e\u0628\u0631\u062a\u0647\u0627 \u0641\u064a \u0645\u062c\u0627\u0644 \u0634\u063a\u0644\u0647\u0627 \u0648\u0631\u0628\u064a \u064a\u0648\u0641\u0642\u0647\u0627 \u0627\u064a\u0646\u0645\u0627 \u0643\u0627\u0646\u062a \u062a\u062d\u064a\u0627\u062a\u064a \u0627\u0644\u0647\u0627<\/div><div class=\"show-more\"><a href=\"https:\/\/filimonova.de\/ar\/kundenstimmen\/#t-260\">weiterlesen<\/a><\/div><\/div><div class=\"t_item\"><div class=\"thumb\"><img decoding=\"async\" src=\"https:\/\/filimonova.de\/wp-content\/themes\/filimonova\/img\/kunde.png\" alt=\"Taisier Alzuabi\"><\/div><div class=\"name\">Taisier Alzuabi<\/div><div class=\"stars\"><img decoding=\"async\" src=\"https:\/\/filimonova.de\/wp-content\/themes\/filimonova\/img\/star.png\" alt=\"star\"\/><img decoding=\"async\" src=\"https:\/\/filimonova.de\/wp-content\/themes\/filimonova\/img\/star.png\" alt=\"star\"\/><img decoding=\"async\" src=\"https:\/\/filimonova.de\/wp-content\/themes\/filimonova\/img\/star.png\" alt=\"star\"\/><img decoding=\"async\" src=\"https:\/\/filimonova.de\/wp-content\/themes\/filimonova\/img\/star.png\" alt=\"star\"\/><img decoding=\"async\" src=\"https:\/\/filimonova.de\/wp-content\/themes\/filimonova\/img\/star.png\" alt=\"star\"\/><\/div><div class=\"text\">\u0625\u0633\u0645\u064a \u062a\u064a\u0633\u064a\u0631 \u0627\u0644\u0632\u0639\u0628\u064a \u0648\u0627\u0646\u0627 \u0633\u0648\u0631\u064a \u0627\u0644\u0623\u0635\u0644 \u0648\u0635\u0644\u062a \u0641\u064a \u0639\u0627\u0645 2015 \u0643\u0644\u0627\u062c\u0626 \u0627\u0644\u0649 \u0623\u0644\u0645\u0627\u0646\u064a\u0627 \u0645\u062f\u064a\u0646\u0647 \u0641\u0631\u064a\u062f\u0644\u0627\u0646\u062f \u0648\u0628\u0639\u062f\u0647\u0627 \u0627\u0633\u062a\u0642\u0631 \u0628\u0640\u0650 \u0627\u0644\u062d\u0627\u0644 \u0641\u064a \u0628\u0644\u062f\u064a\u0647 \u062a\u0627\u0628\u0639\u0647 \u0627\u0644\u0649 \u0631\u064a\u0641 \u0647\u0646\u0648\u0641\u0631 \u0627\u0633\u0645\u0647\u0627 \u0641\u064a\u062f\u0627\u0645\u0627\u0631\u0643.\r\n\u0648\u0627\u062c\u0647\u062a \u0641\u064a \u0627\u0644\u0628\u062f\u0627\u064a\u0647 \u0627\u0644\u0639\u062f\u064a\u062f \u0648\u0627\u0644\u0643\u062b\u064a\u0631 \u0645\u0646 \u0627\u0644\u0645\u0634\u0627\u0643\u0644 \u0643\u0623\u064a \u0634\u062e\u0635 \u062c\u062f\u064a\u062f \u0641\u064a \u0628\u0644\u062f \u0644\u0627 \u064a\u0639\u0631\u0641 \u0641\u064a\u0647 \u0623\u062d\u062f\u0627 \u0648\u0644\u0627 \u062d\u062a\u0649 \u0644\u063a\u0629 \u0647\u0630\u0627 \u0627\u0644\u0628\u0644\u062f. \u0648\u0644\u0650\u062d\u0633\u0646 \u062d\u0638\u064a \u0643\u0627\u0646 \u064a\u0648\u062c\u062f \u0645\u0648\u0638\u0641\u0647 \u0641\u064a \u0642\u0633\u0645 \u0627\u0644\u0633\u0648\u0633\u064a\u0627\u0644 \u062a\u062f\u0639\u0649 \u0627\u0644\u0633\u064a\u062f\u0647 Julia Filimonova \u0647\u0630\u0647 \u0627\u0644\u0645\u0648\u0638\u0641\u0647 \u0642\u0627\u0645\u062a \u0628\u0645\u0633\u0627\u0639\u062f\u062a\u064a \u0641\u064a \u0643\u062b\u064a\u0631 \u0645\u0646 \u0627\u0644\u0623\u0645\u0648\u0631 \u0644\u064a\u0633 \u0644\u0627\u0646\u0647\u0627 \u062a\u0642\u0648\u0645 \u0628\u0639\u0645\u0644\u0647\u0627 \u0641\u062d\u0633\u0628 \u0648\u0644\u0643\u0646 \u0644\u0623\u0646\u0647\u0627 \u0639\u0627\u0645\u0644\u062a\u0646\u064a \u0643\u0625\u0646\u0633\u0627\u0646 \u0644\u0645 \u062a\u0639\u0627\u0645\u0644\u0646\u064a \u0628\u0641\u0648\u0642\u064a\u0647 \u0627\u0648 \u0628\u0627\u0632\u062f\u064a\u0631\u0627\u0621 \u0628\u0641\u0636\u0644\u0647\u0627 \u0627\u0633\u062a\u0639\u0637\u062a \u0627\u0646 \u0623\u062c\u062f \u062f\u0648\u0631\u0647 \u0642\u0631\u064a\u0628\u0647 \u0641\u064a \u0645\u0639\u0647\u062f \u0644\u062a\u0639\u0644\u0645 \u0627\u0644\u0644\u063a\u0647 \u0627\u0644\u0627\u0644\u0645\u0627\u0646\u064a\u0647. \u0643\u0627\u0646\u062a \u062e\u064a\u0627\u0631\u064a \u0627\u0644\u0623\u0648\u0644 \u0639\u0646\u062f\u0645\u0627 \u0644\u0645 \u0623\u0633\u062a\u0637\u0639 \u0641\u0647\u0645 \u0627\u064a \u0628\u0631\u064a\u062f \u0643\u0627\u0646\u062a \u062a\u0633\u0627\u0639\u062f\u0646\u064a \u0648\u062a\u0633\u0627\u0639\u062f \u062c\u0645\u064a\u0639 \u0627\u0644\u0644\u0627\u062c\u0626\u064a\u0646 \u0627\u0644\u0645\u0648\u062c\u0648\u062f\u064a\u0646 \u0641\u064a \u0627\u0644\u0645\u0646\u0637\u0642\u0647. \u0628\u0644 \u0643\u0627\u0646\u062a \u062a\u0633\u0627\u0639\u062f \u0643\u0644 \u0634\u062e\u0635 \u064a\u062d\u062a\u0627\u062c \u0644\u0644\u0645\u0633\u0627\u0639\u062f\u0647 \u0628\u063a\u0636 \u0627\u0644\u0646\u0638\u0631 \u0639\u0646 \u062c\u0646\u0633\u064a\u062a\u0647 \u0627\u0648 \u0644\u0648\u0646\u0647\u0650 \u0627\u0648 \u062f\u064a\u0646\u0647\u0650.\r\n<\/div><div class=\"show-more\"><a href=\"https:\/\/filimonova.de\/ar\/kundenstimmen\/#t-263\">weiterlesen<\/a><\/div><\/div><div class=\"t_item\"><div class=\"thumb\"><img decoding=\"async\" src=\"https:\/\/filimonova.de\/wp-content\/uploads\/2021\/10\/Emad-Nader-150x150.jpg\" alt=\"Emad Nader\"><\/div><div class=\"name\">Emad Nader<\/div><div class=\"stars\"><img decoding=\"async\" src=\"https:\/\/filimonova.de\/wp-content\/themes\/filimonova\/img\/star.png\" alt=\"star\"\/><img decoding=\"async\" src=\"https:\/\/filimonova.de\/wp-content\/themes\/filimonova\/img\/star.png\" alt=\"star\"\/><img decoding=\"async\" src=\"https:\/\/filimonova.de\/wp-content\/themes\/filimonova\/img\/star.png\" alt=\"star\"\/><img decoding=\"async\" src=\"https:\/\/filimonova.de\/wp-content\/themes\/filimonova\/img\/star.png\" alt=\"star\"\/><img decoding=\"async\" src=\"https:\/\/filimonova.de\/wp-content\/themes\/filimonova\/img\/star.png\" alt=\"star\"\/><\/div><div class=\"text\">\r\n\u0627\u0630\u0627 \u0627\u0646\u062a \u0642\u0627\u062f\u0645 \u062c\u062f\u064a\u062f\u060c \u0644\u0627\u062c\u0626\u060c \u0637\u0627\u0644\u0628 \u062c\u0627\u0645\u0639\u064a\u060c \u0645\u0647\u0627\u062c\u0631 \u0627\u0648 \u062d\u062a\u0649 \u0644\u062f\u064a\u0643 \u0627\u0644\u062c\u0646\u0633\u064a\u0629 \u0627\u0644\u0627\u0644\u0645\u0627\u0646\u064a\u0629\u060c \u0648\u062a\u062d\u062a\u0627\u062c \u0644\u0645\u0633\u0627\u0639\u062f\u0629 \u0644\u062f\u0649 \u0645\u0643\u062a\u0628 \u0627\u0644\u0639\u0645\u0644 \u0627\u0648 \u0627\u062f\u0627\u0631\u0629 \u0627\u0644\u0634\u0624\u0648\u0646 \u0627\u0644\u0645\u062f\u0646\u064a\u0629 \u0627\u0648 \u0645\u0643\u062a\u0628 \u0627\u0644\u0627\u062c\u0627\u0646\u0628 \u0627\u0648 \u0644\u062f\u0649 \u0643\u0627\u0641\u0629 \u0627\u0644\u0645\u0643\u0627\u062a\u0628 \u0648\u0627\u0644\u062f\u0648\u0627\u0626\u0631 \u0627\u0644\u062d\u0643\u0648\u0645\u064a\u0629 \u0627\u0648 \u0627\u0644\u062e\u0627\u0635\u0629 \u0641\u064a \u0627\u0644\u0645\u0627\u0646\u064a\u0627\u060c \u0639\u0644\u064a\u0643 \u0645\u0646 \u062f\u0648\u0646 \u0627\u064a \u062a\u0631\u062f\u062f \u0627\u0644\u062a\u0648\u062c\u0647 \u0627\u0644\u0649 \u0627\u0644\u0645\u0631\u0634\u062f\u0629 \u0627\u0644\u0627\u062c\u062a\u0645\u0627\u0639\u064a\u0629 \u062c\u0648\u0644\u064a\u0627 \u0641\u064a\u0644\u0627\u0645\u064a\u0646\u0648\u0641\u0627\u060c \u0644\u0627\u0646\u0647\u0627 \u0645\u0631\u0634\u062f\u0629 \u0627\u062c\u062a\u0645\u0627\u0639\u064a\u0629 \u0645\u062a\u062e\u0635\u0635\u0629 \u0630\u0627\u062a \u062e\u0628\u0631\u0629 \u0643\u0628\u064a\u0631\u0629 \u0648\u0645\u0630\u0647\u0644\u0629 \u0641\u064a \u0627\u0644\u0645\u062c\u0627\u0644 \u0627\u0644\u0627\u062c\u062a\u0645\u0627\u0639\u064a \u0641\u064a \u0627\u0644\u0645\u0627\u0646\u064a\u0627\u060c \u0648\u0647\u064a \u0633\u0648\u0641 \u062a\u0642\u0641 \u0628\u062c\u0627\u0646\u0628\u0643 \u0648\u062a\u062f\u0639\u0645\u0643 \u0633\u0648\u0627\u0621 \u0628\u0627\u0644\u0646\u0635\u064a\u062d\u0629 \u0648\u0627\u0644\u0645\u0634\u0648\u0631\u0629 \u0627\u0648 \u0628\u0645\u0631\u0627\u0641\u0642\u062a\u0643 \u0644\u0644\u0645\u0643\u0627\u062a\u0628 \u0648\u0627\u0644\u062f\u0627\u0648\u0626\u0631 \u0635\u0627\u062d\u0628\u0629 \u0627\u0644\u0634\u0623\u0646. <\/div><div class=\"show-more\"><a href=\"https:\/\/filimonova.de\/ar\/kundenstimmen\/#t-334\">weiterlesen<\/a><\/div><\/div><\/div><\/div><\/div> <div class=\"container\"><div class=\"h1 t_c\">Leistungen<\/div>\r\n\r\n<div class=\"wp-block-columns is-layout-flex wp-container-core-columns-is-layout-1 wp-block-columns-is-layout-flex\">\r\n<div class=\"wp-block-column is-layout-flow wp-block-column-is-layout-flow\">\r\n<figure class=\"wp-block-image size-large\"><img loading=\"lazy\" decoding=\"async\" width=\"540\" height=\"540\" class=\"wp-image-314\" src=\"https:\/\/filimonova.de\/wp-content\/uploads\/2021\/06\/1KT06141.jpg\" alt=\"\" \/><\/figure>\r\n<\/div>\r\n\r\n\r\n\r\n<div class=\"wp-block-column is-layout-flow wp-block-column-is-layout-flow\">\r\n<p>Deutschland ist bekannt f\u00fcr sein gut strukturiertes Sozialsystem.<\/p>\r\n\r\n\r\n\r\n<p>Um Leistungen daraus zu erhalten, ist es wichtig, die passenden und formgerechten Antr\u00e4ge zu kennen und diese rechtzeitig bei den richtigen Instanzen einzureichen.<\/p>\r\n\r\n\r\n\r\n<p>Immer auf dem laufenden Stand zu sein und zu wissen, wo sich welche sozialen Leistungen \u00e4ndern, ist ebenso wichtig, da die Sozialgesetzgebung sich in st\u00e4ndigem Wandel befindet. Hierbei ist zu beachten, dass bei jeder Antragstellungen die Anspruchsvoraussetzungen erneut gepr\u00fcft werden. <a href=\"https:\/\/filimonova.de\/leistungen\/\" data-type=\"page\" data-id=\"8\">weiterlesen<\/a><\/p>\r\n<\/div>\r\n<\/div>\r\n\r\n<\/div>","protected":false},"excerpt":{"rendered":"","protected":false},"author":1,"featured_media":304,"parent":0,"menu_order":0,"comment_status":"closed","ping_status":"closed","template":"","meta":{"footnotes":""},"class_list":["post-287","page","type-page","status-publish","has-post-thumbnail","hentry"],"_links":{"self":[{"href":"https:\/\/filimonova.de\/ar\/wp-json\/wp\/v2\/pages\/287","targetHints":{"allow":["GET"]}}],"collection":[{"href":"https:\/\/filimonova.de\/ar\/wp-json\/wp\/v2\/pages"}],"about":[{"href":"https:\/\/filimonova.de\/ar\/wp-json\/wp\/v2\/types\/page"}],"author":[{"embeddable":true,"href":"https:\/\/filimonova.de\/ar\/wp-json\/wp\/v2\/users\/1"}],"replies":[{"embeddable":true,"href":"https:\/\/filimonova.de\/ar\/wp-json\/wp\/v2\/comments?post=287"}],"version-history":[{"count":1,"href":"https:\/\/filimonova.de\/ar\/wp-json\/wp\/v2\/pages\/287\/revisions"}],"predecessor-version":[{"id":288,"href":"https:\/\/filimonova.de\/ar\/wp-json\/wp\/v2\/pages\/287\/revisions\/288"}],"wp:featuredmedia":[{"embeddable":true,"href":"https:\/\/filimonova.de\/ar\/wp-json\/wp\/v2\/media\/304"}],"wp:attachment":[{"href":"https:\/\/filimonova.de\/ar\/wp-json\/wp\/v2\/media?parent=287"}],"curies":[{"name":"wp","href":"https:\/\/api.w.org\/{rel}","templated":true}]}}