{"id":404,"date":"2021-08-26T12:03:51","date_gmt":"2021-08-26T09:03:51","guid":{"rendered":"https:\/\/filimonova.de\/downloads-und-abo\/"},"modified":"2024-07-25T15:12:12","modified_gmt":"2024-07-25T12:12:12","slug":"downloads","status":"publish","type":"page","link":"https:\/\/filimonova.de\/ar\/downloads\/","title":{"rendered":"Downloads"},"content":{"rendered":"<h2>Zum Download anklicken:<\/h2>\n<p>&nbsp;<\/p>\n<p><a href=\"https:\/\/filimonova.de\/wp-content\/uploads\/2021\/11\/Vollmacht-Filimonova-Oktober-2021.pdf\">Vollmacht f\u00fcr Frau Filimonova<\/a><\/p>\n<p>&nbsp;<\/p>\n<p><a href=\"https:\/\/filimonova.de\/wp-content\/uploads\/2021\/11\/Beratungsvertrag_filimonova.de_.pdf\">Dienstleistungsvertrag filimonova.de<\/a><\/p>\n<p>&nbsp;<\/p>\n<p>Zu meinen T\u00e4tigkeitsfeldern geh\u00f6ren folgende Aufgaben, mit denen ich Ihren Schriftverkehr mit \u00c4mtern o. \u00c4. erleichtern und Ihnen Schritt f\u00fcr Schritt aufzeigen m\u00f6chte, wie das deutsche Sozialsystem funktioniert. Einzelne Leistungen, die Sie in Anspruch nehmen wollen, finden Sie in der unten angef\u00fchrten Tabelle. F\u00fcr eine monatliche Kooperation berechne ich folgende Pauschalpreise:<\/p>\n<p><strong>&#8211; Sozialleistungsempf\u00e4nger*innen (inkl. Familienmitglieder): 35 \u20ac\/Monat<\/strong><br \/>\n<strong>&#8211; erwerbst\u00e4tige Personen (inkl. Familienmitglieder): 50 \u20ac\/Monat<\/strong><br \/>\n<strong>&#8211; selbstst\u00e4ndige Personen (inkl. Familienmitglieder): nach Vereinbarung<\/strong><\/p>\n<p>Im Pauschalpreis inbegriffen ist der elektronische Postverkehr, sechs Telefonate im Monat und pers\u00f6nliche Treffen nach Vereinbarung. Desweiteren sind alle unten genannten Einzeldienstleistungen inbegriffen. Die Kooperation zwischen uns ist monatlich schriftlich k\u00fcndbar, sofern die K\u00fcndigung bis zum Ende des Vormonats postalisch oder elektronisch bei mir eingegangen ist. Wenn keine schriftliche K\u00fcndigung eingeht bzw. vorliegt, wird der Vertrag automatisch um einen Monat verl\u00e4ngert.<\/p>\n<p>Ferner ben\u00f6tige ich von Ihnen eine Vollmacht zur Bearbeitung Ihrer personenbezogenen Daten. Ohne diese Vollmacht ist kein Vertragsabschluss m\u00f6glich. Nach dem Ende unserer Kooperation werden alle Ihre pers\u00f6nlichen Daten von uns ordnungsgem\u00e4\u00df vernichtet bzw. gel\u00f6scht.<\/p>\n<p>Zu meinem Aufgabenbereich geh\u00f6ren folgende Dienstleistungen (weitere Dienstleistungen wie z.B. Begleitung zu Terminen sind zus\u00e4tzlich schriftlich zu vereinbaren):<br \/>\nDienstleistungen<br \/>\nS\u00e4mtliche Antragstellungen<\/p>\n<p>(z.B.: Jobcenter, Familienkasse, Krankenversicherung, Pflegeversicherung, Sozialamt, Wohnungsamt)<\/p>\n<table width=\"586\">\n<tbody>\n<tr>\n<td width=\"482\"><strong>Dienstleistungen<\/strong><\/td>\n<\/tr>\n<tr>\n<td width=\"482\">S\u00e4mtliche Antragstellungen<\/p>\n<p>(z.B.: Jobcenter, Familienkasse, Krankenversicherung, Pflegeversicherung, Sozialamt, Wohnungsamt)<\/td>\n<\/tr>\n<tr>\n<td width=\"482\">Widerspruchsstellung in laufenden Verfahren<\/td>\n<\/tr>\n<tr>\n<td width=\"482\">Vereinbarung von Ratenzahlung bei s\u00e4mtlichen \u00c4mtern<\/td>\n<\/tr>\n<tr>\n<td width=\"482\">Hilfestellung bei Beantragung und Aktualisierung von Rente, Schwerbehinderung und Erwerbsminderung<\/td>\n<\/tr>\n<tr>\n<td width=\"482\">Unterst\u00fctzung bei der Erarbeitung von individuellen und professionellen Lebensl\u00e4ufen und Bewerbungen<\/td>\n<\/tr>\n<tr>\n<td width=\"482\">Unterst\u00fctzung beim Finden von Schulen, Praktika, Ausbildungspl\u00e4tzen und Jobs<\/td>\n<\/tr>\n<tr>\n<td width=\"482\">Unterst\u00fctzung bei der Wohnungssuche<\/td>\n<\/tr>\n<tr>\n<td width=\"482\">S\u00e4mtliche Hilfestellungen nach dem Ableben Ihrer Angeh\u00f6rigen<\/td>\n<\/tr>\n<tr>\n<td width=\"482\">Hilfe bei Organisation und F\u00fchrung Ihres B\u00fcros (Preis pro Woche)<\/td>\n<\/tr>\n<tr>\n<td width=\"482\">Kooperation bzw. Vermittlung zu Sprachschulen und Nachhilfeunterricht im schulischen Rahmen<\/td>\n<\/tr>\n<tr>\n<td width=\"482\">Beantragung und Vorbereitung zur Anerkennung ausl\u00e4ndischer Zertifikate und Abschl\u00fcsse in Deutschland<\/td>\n<\/tr>\n<tr>\n<td width=\"482\">Begleitung beim Valikom-Verfahren<br \/>\n(f\u00fcr Handwerker*innen aus dem Ausland)<\/td>\n<\/tr>\n<tr>\n<td width=\"482\">Beantragung Blau-Card<\/td>\n<\/tr>\n<\/tbody>\n<\/table>\n","protected":false},"excerpt":{"rendered":"<p>Zum Download anklicken: &nbsp; Vollmacht f\u00fcr Frau Filimonova &nbsp; Dienstleistungsvertrag filimonova.de &nbsp; Zu meinen T\u00e4tigkeitsfeldern geh\u00f6ren folgende Aufgaben, mit denen ich Ihren Schriftverkehr mit \u00c4mtern o. \u00c4. erleichtern und Ihnen Schritt f\u00fcr Schritt aufzeigen m\u00f6chte, wie das deutsche Sozialsystem funktioniert. Einzelne Leistungen, die Sie in Anspruch nehmen wollen, finden Sie in der unten angef\u00fchrten Tabelle. [&hellip;]<\/p>\n","protected":false},"author":1,"featured_media":0,"parent":0,"menu_order":0,"comment_status":"closed","ping_status":"closed","template":"","meta":{"footnotes":""},"class_list":["post-404","page","type-page","status-publish","hentry"],"_links":{"self":[{"href":"https:\/\/filimonova.de\/ar\/wp-json\/wp\/v2\/pages\/404","targetHints":{"allow":["GET"]}}],"collection":[{"href":"https:\/\/filimonova.de\/ar\/wp-json\/wp\/v2\/pages"}],"about":[{"href":"https:\/\/filimonova.de\/ar\/wp-json\/wp\/v2\/types\/page"}],"author":[{"embeddable":true,"href":"https:\/\/filimonova.de\/ar\/wp-json\/wp\/v2\/users\/1"}],"replies":[{"embeddable":true,"href":"https:\/\/filimonova.de\/ar\/wp-json\/wp\/v2\/comments?post=404"}],"version-history":[{"count":5,"href":"https:\/\/filimonova.de\/ar\/wp-json\/wp\/v2\/pages\/404\/revisions"}],"predecessor-version":[{"id":491,"href":"https:\/\/filimonova.de\/ar\/wp-json\/wp\/v2\/pages\/404\/revisions\/491"}],"wp:attachment":[{"href":"https:\/\/filimonova.de\/ar\/wp-json\/wp\/v2\/media?parent=404"}],"curies":[{"name":"wp","href":"https:\/\/api.w.org\/{rel}","templated":true}]}}