{"id":289,"date":"2021-10-16T13:18:03","date_gmt":"2021-10-16T10:18:03","guid":{"rendered":"https:\/\/filimonova.de\/?page_id=289"},"modified":"2021-10-16T13:44:15","modified_gmt":"2021-10-16T10:44:15","slug":"%d0%b3%d0%bb%d0%b0%d0%b2%d0%bd%d0%b0%d1%8f","status":"publish","type":"page","link":"https:\/\/filimonova.de\/ru\/","title":{"rendered":"\u0413\u043b\u0430\u0432\u043d\u0430\u044f"},"content":{"rendered":"<div class=\"container\">\r\n\r\n<p>Mein Name ist Julija Filimonova, und ich bin die Gr\u00fcnderin und Gesch\u00e4ftsf\u00fchrerin von FILIMONOVA \u2013 Fallorientierte interkulturelle Lebens- &amp; Integrationsberatung, des Sozialen Serviceb\u00fcros. <a href=\"https:\/\/filimonova.de\/uber-mich\/\">weiterlesen<\/a><\/p>\r\n\r\n<\/div><div class=\"box_t\"><div class=\"container\"><div class=\"h1\">Kundenstimmen<\/div><div class=\"box_t_in\"><div class=\"t_item\"><div class=\"thumb\"><img decoding=\"async\" src=\"https:\/\/filimonova.de\/wp-content\/uploads\/2021\/10\/Veronika-Munteanu-150x150.jpg\" alt=\"Veronika Munteanu\"><\/div><div class=\"name\">Veronika Munteanu<\/div><div class=\"stars\"><img decoding=\"async\" src=\"https:\/\/filimonova.de\/wp-content\/themes\/filimonova\/img\/star.png\" alt=\"star\"\/><img decoding=\"async\" src=\"https:\/\/filimonova.de\/wp-content\/themes\/filimonova\/img\/star.png\" alt=\"star\"\/><img decoding=\"async\" src=\"https:\/\/filimonova.de\/wp-content\/themes\/filimonova\/img\/star.png\" alt=\"star\"\/><img decoding=\"async\" src=\"https:\/\/filimonova.de\/wp-content\/themes\/filimonova\/img\/star.png\" alt=\"star\"\/><img decoding=\"async\" src=\"https:\/\/filimonova.de\/wp-content\/themes\/filimonova\/img\/star.png\" alt=\"star\"\/><\/div><div class=\"text\">\u041c\u044b \u0441 \u0441\u044b\u043d\u043e\u043c \u043f\u0440\u0438\u0435\u0445\u0430\u043b\u0438 \u0432 \u0413\u0435\u0440\u043c\u0430\u043d\u0438\u044e \u043a \u043c\u0443\u0436\u0443, \u043d\u0430 \u0434\u043e\u043b\u0433\u043e\u0435 \u0432\u0440\u0435\u043c\u044f. \u041d\u0430\u043c \u043e\u0441\u0442\u0430\u0432\u0430\u043b\u043e\u0441\u044c \u043c\u0430\u043b\u043e \u0432\u0440\u0435\u043c\u0435\u043d\u0438 \u0434\u043e \u043e\u043a\u043e\u043d\u0447\u0430\u043d\u0438\u044f \u0432\u0438\u0437\u044b \u0438 \u0432\u0441\u044f \u0441\u0435\u043c\u044c\u044f \u0431\u044b\u043b\u0430 \u0432 \u0448\u043e\u043a\u0435 \u0438 \u0432 \u0440\u0430\u0441\u0442\u0435\u0440\u044f\u043d\u043d\u043e\u0441\u0442\u0438, \u0442\u0430\u043a \u043a\u0430\u043a \u043c\u044b \u043d\u0435 \u0445\u043e\u0442\u0435\u043b\u0438 \u0443\u0435\u0445\u0430\u0442\u044c \u0438\u0437 \u0413\u0435\u0440\u043c\u0430\u043d\u0438\u044e \u043e\u0431\u0440\u0430\u0442\u043d\u043e \u0432 \u041c\u043e\u043b\u0434\u0430\u0432\u0438\u044e.\r\n\u041c\u044b \u043e\u0431\u0440\u0430\u0442\u0438\u043b\u0438\u0441\u044c \u043a  \u042e\u043b\u0438\u0438  \u0424\u0438\u043b\u0438\u043c\u043e\u043d\u043e\u0432\u043e\u0439 \u0437\u0430 \u043f\u043e\u043c\u043e\u0447\u044c.\r\n\u042e\u043b\u0438\u044f \u043e\u0447\u0435\u043d\u044c \u0445\u043e\u0440\u043e\u0448\u043e  \u043f\u0440\u0438\u043d\u044f\u043b\u0430 \u0438 \u0432\u044b\u0441\u043b\u0443\u0448\u0430\u043b\u0430 \u043d\u0430\u0441 \u0438 \u0431\u044b\u0441\u0442\u0440\u043e \u043e\u0445\u0432\u0430\u0442\u0438\u043b\u0430 \u0441\u0438\u0442\u0443\u0430\u0446\u0438\u044e.\r\n\u0411\u043b\u0430\u0433\u043e\u0434\u0430\u0440\u044f \u0435\u0439 \u043c\u044b \u0441\u0435\u0439\u0447\u0430\u0441 \u0437\u0434\u0435\u0441\u044c \u0432\u0441\u0435\u0439 \u0441\u0435\u043c\u044c\u0451\u0439 \u0432\u043c\u0435\u0441\u0442\u0435.\r\n\u0422\u0430\u043a \u043a\u0430\u043a \u0443 \u043d\u0430\u0441 \u0438 \u0441 \u043a\u0432\u0430\u0440\u0442\u0438\u0440\u043e\u0439 \u0431\u044b\u043b\u043e \u043f\u043b\u043e\u0445\u043e, \u043e\u043d\u0430 \u0431\u044b\u0441\u0442\u0440\u043e \u0432\u0441\u0451 \u0440\u0435\u0448\u0438\u043b\u0430, \u0438\u0441\u043a\u0430\u043b\u0430, \u0437\u0432\u043e\u043d\u0438\u043b\u0430 \u0438 \u043c\u044b \u043f\u043e\u043b\u0443\u0447\u0438\u043b\u0438 \u043a\u0432\u0430\u0440\u0442\u0438\u0440\u0443.\r\n\u041e\u043d\u0430 \u0443\u0447\u0430\u0441\u0442\u0432\u043e\u0432\u0430\u043b\u0430 \u0432\u043e \u0432\u0441\u0451\u043c, \u043e \u0447\u0451\u043c \u043c\u044b \u0435\u0451 \u043f\u043e\u043f\u0440\u043e\u0441\u0438\u043b\u0438, \u0438 \u0432\u0441\u0451 \u0431\u044b\u0441\u0442\u0440\u043e \u0440\u0430\u0437\u0440\u0435\u0448\u0438\u043b\u043e\u0441\u044c.\r\n\u041c\u044b \u043e\u0447\u0435\u043d\u044c \u0440\u0430\u0434\u044b, \u0447\u0442\u043e \u043f\u043e\u0437\u043d\u0430\u043a\u043e\u043c\u0438\u043b\u0438\u0441\u044c \u0441 \u043d\u0435\u0439, \u0438 \u0431\u043b\u0430\u0433\u043e\u0434\u0430\u0440\u043d\u044b \u0437\u0430 \u0435\u0451 \u0442\u0440\u0443\u0434 \u0438 \u0430\u043a\u0442\u0438\u0432\u043d\u043e\u0441\u0442\u044c.\r\n\u0412\u0441\u0435\u043c \u043e\u0447\u0435\u043d\u044c \u0440\u0435\u043a\u043e\u043c\u0435\u043d\u0434\u0443\u0435\u043c \u043e\u0431\u0440\u0430\u0442\u0438\u043b\u0438\u0441\u044c \u042e\u043b\u0438\u044f \u0424\u0438\u043b\u0438\u043c\u043e\u043d\u043e\u0432\u0430, \u0433\u043e\u0442\u043e\u0432\u0430 \u0432\u0441\u0435\u0433\u0434\u0430 \u043f\u0440\u0438\u0439\u0442\u0438 \u043d\u0430 \u043f\u043e\u043c\u043e\u0449\u044c \u0438 \u0432 \u0442\u0440\u0443\u0434\u043d\u044b\u0439 \u043c\u043e\u043c\u0435\u043d\u0442 \u043f\u043e\u0434\u0441\u0442\u0430\u0432\u0438\u0442\u044c \u043f\u043b\u0435\u0447\u043e.\r\n<\/div><div class=\"show-more\"><a href=\"https:\/\/filimonova.de\/ru\/reviews\/#t-265\">weiterlesen<\/a><\/div><\/div><div class=\"t_item\"><div class=\"thumb\"><img decoding=\"async\" src=\"https:\/\/filimonova.de\/wp-content\/themes\/filimonova\/img\/kunde.png\" alt=\"\u0441\u0435\u043c\u044c\u044f \u0420\u0430\u0434\u0447\u0435\u043d\u043a\u043e\"><\/div><div class=\"name\">\u0441\u0435\u043c\u044c\u044f \u0420\u0430\u0434\u0447\u0435\u043d\u043a\u043e<\/div><div class=\"stars\"><img decoding=\"async\" src=\"https:\/\/filimonova.de\/wp-content\/themes\/filimonova\/img\/star.png\" alt=\"star\"\/><img decoding=\"async\" src=\"https:\/\/filimonova.de\/wp-content\/themes\/filimonova\/img\/star.png\" alt=\"star\"\/><img decoding=\"async\" src=\"https:\/\/filimonova.de\/wp-content\/themes\/filimonova\/img\/star.png\" alt=\"star\"\/><img decoding=\"async\" src=\"https:\/\/filimonova.de\/wp-content\/themes\/filimonova\/img\/star.png\" alt=\"star\"\/><img decoding=\"async\" src=\"https:\/\/filimonova.de\/wp-content\/themes\/filimonova\/img\/star.png\" alt=\"star\"\/><\/div><div class=\"text\">\u0412 \u0430\u043f\u0440\u0435\u043b\u0435 2021\u0431 \u0432 \u0442\u043e\u0442 \u043c\u043e\u043c\u0435\u043d\u0442, \u043a\u043e\u0433\u0434\u0430 \u0432\u0441\u0435 \u0438\u043d\u0441\u0442\u0430\u043d\u0446\u0438\u0438 \u0438 \u043e\u0440\u0433\u0430\u043d\u0438\u0437\u0430\u0446\u0438\u0438 \u0431\u044b\u043b\u0438 \u043f\u0440\u0430\u043a\u0442\u0438\u0447\u0435\u0441\u043a\u0438 \u0437\u0430\u043a\u0440\u044b\u0442\u044b \u0438\u043b\u0438 \u0442\u0440\u0443\u0434\u043d\u043e\u0434\u043e\u0441\u0442\u0443\u043f\u043d\u044b \u0438\u0437\u0437\u0430 \u043f\u0430\u043d\u0434\u0435\u043c\u0438\u0438,  \u043d\u0430\u0448\u0430 \u0441\u0435\u043c\u044c\u044f \u043f\u043e\u0437\u043d\u0430\u043a\u043e\u043c\u0438\u043b\u0430\u0441\u044c \u0441 \u0437\u0430\u043c\u0435\u0447\u0430\u0442\u0435\u043b\u044c\u043d\u044b\u043c \u0441\u043e\u0446\u0438\u0430\u043b\u044c\u043d\u044b\u043c \u0440\u0430\u0431\u043e\u0442\u043d\u0438\u043a\u043e\u043c \u0440\u0430\u0431\u043e\u0442\u0430\u044e\u0449\u0438\u043c \u0432 \u0438\u043d\u0442\u0435\u0440\u043d\u0435\u0442\u0435, \u042e\u043b\u0435\u0439 \u0424\u0438\u043b\u0438\u043c\u043e\u043d\u043e\u0432\u043e\u0439. \r\n\u0421 \u043f\u0435\u0440\u0432\u043e\u0433\u043e \u0434\u043d\u044f \u0437\u043d\u0430\u043a\u043e\u043c\u0441\u0442\u0432\u0430 \u043e\u043d\u0430 \u0441\u0442\u0430\u043b\u0430 \u0434\u0440\u0443\u0433\u043e\u043c \u043d\u0430\u0448\u0435\u0439 \u0441\u0435\u043c\u044c\u0438. \r\n\u0412 \u043b\u044e\u0431\u043e\u0435 \u0432\u0440\u0435\u043c\u044f \u043a \u043d\u0435\u0439 \u043c\u043e\u0436\u043d\u043e \u043e\u0431\u0440\u0430\u0442\u0438\u0442\u044c\u0441\u044f \u0441 \u043f\u0440\u043e\u0441\u044c\u0431\u043e\u0439, \u0432\u043e\u043f\u0440\u043e\u0441\u043e\u043c,  \u0437\u0430 \u043f\u043e\u0434\u0441\u043a\u0430\u0437\u043a\u043e\u0439 \u0438 \u043e\u043d\u0430, \u0441\u0440\u0430\u0437\u0443 \u0436\u0435, \u043f\u044b\u0442\u0430\u0435\u0442\u0441\u044f \u043f\u043e\u043c\u043e\u0447\u044c. \r\n\u042e\u043b\u044f \u043f\u043e\u043c\u043e\u0433\u0430\u0435\u0442 \u043d\u0430\u043c \u0432 \u043e\u0444\u043e\u0440\u043c\u043b\u0435\u043d\u0438\u0438 \u0440\u0430\u0437\u043b\u0438\u0447\u043d\u044b\u0445 \u0434\u043e\u043a\u0443\u043c\u0435\u043d\u0442\u043e\u0432; \u043f\u043e\u0434\u0441\u043a\u0430\u0437\u044b\u0432\u0430\u0435\u0442, \u043a\u0430\u043a \u043f\u0440\u0430\u0432\u0438\u043b\u044c\u043d\u043e \u0432\u0435\u0441\u0442\u0438 \u0441\u0435\u0431\u044f \u0432 \u0442\u043e\u0439 \u0438\u043b\u0438 \u0438\u043d\u043e\u0439 \u0441\u0438\u0442\u0443\u0430\u0446\u0438\u0438.\r\n\u041e\u043d\u0430 \u0438 \u0441\u043e\u0446\u0438\u0430\u043b\u044c\u043d\u044b\u0439 \u0440\u0430\u0431\u043e\u0442\u043d\u0438\u043a, \u0438 \u043f\u0441\u0438\u0445\u043e\u043b\u043e\u0433, \u0438 \u043e\u0440\u0433\u0430\u043d\u0438\u0437\u0430\u0442\u043e\u0440,\u0438 \u0434\u0440\u0443\u0433.\r\n\u041e\u0442\u043d\u043e\u0441\u0438\u0442\u0441\u044f \u043a \u0432\u043e\u043f\u0440\u043e\u0441\u0430\u043c \u043e\u0447\u0435\u043d\u044c \u0432\u043d\u0438\u043c\u0430\u0442\u0435\u043b\u044c\u043d\u043e \u0438  \u043e\u0442\u0432\u0435\u0442\u0441\u0442\u0432\u0435\u043d\u043d\u043e \u043a \u0442\u043e\u043c\u0443, \u0447\u0442\u043e \u0434\u0435\u043b\u0430\u0435\u0442. \r\n \r\n\u041c\u044b \u0440\u0430\u0434\u044b \u043d\u0430\u0448\u0435\u043c\u0443 \u0441\u043e\u0442\u0440\u0443\u0434\u043d\u0438\u0447\u0435\u0441\u0442\u0432\u0443. \r\n\\\r\n\u0423\u0441\u043f\u0435\u0445\u043e\u0432 \u0442\u0435\u0431\u0435, \u042e\u043b\u0438\u0447\u043a\u0430!\r\n\u0421 \u0443\u0432\u0430\u0436\u0435\u043d\u0438\u0435\u043c \u0441\u0435\u043c\u044c\u044f \u0420\u0430\u0434\u0447\u0435\u043d\u043a\u043e<\/div><div class=\"show-more\"><a href=\"https:\/\/filimonova.de\/ru\/reviews\/#t-351\">weiterlesen<\/a><\/div><\/div><\/div><\/div><\/div> <div class=\"container\"><div class=\"h1 t_c\">Leistungen<\/div>\r\n\r\n<div class=\"wp-block-columns is-layout-flex wp-container-core-columns-is-layout-1 wp-block-columns-is-layout-flex\">\r\n<div class=\"wp-block-column is-layout-flow wp-block-column-is-layout-flow\">\r\n<figure class=\"wp-block-image size-large\"><img loading=\"lazy\" decoding=\"async\" width=\"540\" height=\"540\" class=\"wp-image-315\" src=\"https:\/\/filimonova.de\/wp-content\/uploads\/2021\/06\/1KT06141.jpg\" alt=\"\" \/><\/figure>\r\n<\/div>\r\n\r\n\r\n\r\n<div class=\"wp-block-column is-layout-flow wp-block-column-is-layout-flow\">\r\n<p>Deutschland ist bekannt f\u00fcr sein gut strukturiertes Sozialsystem.<\/p>\r\n\r\n\r\n\r\n<p>Um Leistungen daraus zu erhalten, ist es wichtig, die passenden und formgerechten Antr\u00e4ge zu kennen und diese rechtzeitig bei den richtigen Instanzen einzureichen.<\/p>\r\n\r\n\r\n\r\n<p>Immer auf dem laufenden Stand zu sein und zu wissen, wo sich welche sozialen Leistungen \u00e4ndern, ist ebenso wichtig, da die Sozialgesetzgebung sich in st\u00e4ndigem Wandel befindet. Hierbei ist zu beachten, dass bei jeder Antragstellungen die Anspruchsvoraussetzungen erneut gepr\u00fcft werden. <a href=\"https:\/\/filimonova.de\/leistungen\/\" data-type=\"page\" data-id=\"8\">weiterlesen<\/a><\/p>\r\n<\/div>\r\n<\/div>\r\n\r\n<\/div>","protected":false},"excerpt":{"rendered":"","protected":false},"author":1,"featured_media":305,"parent":0,"menu_order":0,"comment_status":"closed","ping_status":"closed","template":"","meta":{"footnotes":""},"class_list":["post-289","page","type-page","status-publish","has-post-thumbnail","hentry"],"_links":{"self":[{"href":"https:\/\/filimonova.de\/ru\/wp-json\/wp\/v2\/pages\/289","targetHints":{"allow":["GET"]}}],"collection":[{"href":"https:\/\/filimonova.de\/ru\/wp-json\/wp\/v2\/pages"}],"about":[{"href":"https:\/\/filimonova.de\/ru\/wp-json\/wp\/v2\/types\/page"}],"author":[{"embeddable":true,"href":"https:\/\/filimonova.de\/ru\/wp-json\/wp\/v2\/users\/1"}],"replies":[{"embeddable":true,"href":"https:\/\/filimonova.de\/ru\/wp-json\/wp\/v2\/comments?post=289"}],"version-history":[{"count":1,"href":"https:\/\/filimonova.de\/ru\/wp-json\/wp\/v2\/pages\/289\/revisions"}],"predecessor-version":[{"id":290,"href":"https:\/\/filimonova.de\/ru\/wp-json\/wp\/v2\/pages\/289\/revisions\/290"}],"wp:featuredmedia":[{"embeddable":true,"href":"https:\/\/filimonova.de\/ru\/wp-json\/wp\/v2\/media\/305"}],"wp:attachment":[{"href":"https:\/\/filimonova.de\/ru\/wp-json\/wp\/v2\/media?parent=289"}],"curies":[{"name":"wp","href":"https:\/\/api.w.org\/{rel}","templated":true}]}}